{"id":5148,"date":"2024-12-03T23:18:24","date_gmt":"2024-12-04T02:18:24","guid":{"rendered":"https:\/\/www.imperiodascorreias.com.br\/?post_type=product&#038;p=5148"},"modified":"2024-12-03T23:18:25","modified_gmt":"2024-12-04T02:18:25","slug":"correias-bluepower-5v-8v-spb-e-spc","status":"publish","type":"product","link":"https:\/\/www.imperiodascorreias.com.br\/?product=correias-bluepower-5v-8v-spb-e-spc","title":{"rendered":"Correias BLUEPOWER 5V, 8V, SPB e SPC"},"content":{"rendered":"<p>CORDONEL EM ARAMIDA<br \/>\nA \u00faltima tecnologia em capacidade de transfer\u00eancia de pot\u00eancia para<br \/>\naplica\u00e7\u00f5es industriais pesadas. O cordonel em aramida aumenta a capacidade<br \/>\nde transfer\u00eancia de pot\u00eancia duas vezes mais se comparada as correias<br \/>\nconvencionais. O cordonel em Aramida n\u00e3o \u00e9 a \u00fanica coisa que diferencia a<br \/>\nBLUE POWER das outras correias. Mas tamb\u00e9m o seu revestimento duplo,<br \/>\nn\u00facleo de fibras alinhadas e muito mais. Dispon\u00edveis unit\u00e1rias ou m\u00faltiplas.<br \/>\n\u2022 Mais Pot\u00eancia: Capaz de transferir at\u00e9 2x mais pot\u00eancia do que correias<br \/>\nconvencionais, o que a torna ideal para aplica\u00e7\u00f5es industriais pesadas.<br \/>\n\u2022 Aumento de vida \u00fatil: Tecido de revestimento duplo de composto de borracha \u00e9<br \/>\ncolado ao n\u00facleo da correia afim de se obter uma durabilidade superior.<br \/>\n\u2022 Efici\u00eancia Superior: O tecido de revestimento aumenta a ader\u00eancia da correia na polia.<br \/>\n\u2022 Faixa de Temperatura: De -40 at\u00e9 100\u00b0C.<br \/>\n\u2022 Anti-est\u00e1tica: Se enquadram nas especifica\u00e7\u00f5es da ISO 1813 por ser anti-est\u00e1tica.<br \/>\n\u2022 Topo flex\u00edvel: Melhora a acomoda\u00e7\u00e3o de polias tensoras.<br \/>\nPERFIS: 5V,\u00a08V, SPB e SPC. Consultar Perfis SPB e SPC dispon\u00edveis.<\/p>\n","protected":false},"excerpt":{"rendered":"<p>CORDONEL EM ARAMIDA A \u00faltima tecnologia em capacidade de transfer\u00eancia de pot\u00eancia para aplica\u00e7\u00f5es industriais pesadas. O cordonel em aramida aumenta a capacidade de transfer\u00eancia de pot\u00eancia duas vezes mais se comparada as correias convencionais. O cordonel em Aramida n\u00e3o \u00e9 a \u00fanica coisa que diferencia a BLUE POWER das outras correias. Mas tamb\u00e9m o&#8230;<\/p>\n","protected":false},"featured_media":5149,"template":"","meta":{"_monsterinsights_skip_tracking":false,"_monsterinsights_sitenote_active":false,"_monsterinsights_sitenote_note":"","_monsterinsights_sitenote_category":0},"product_cat":[46],"product_tag":[],"class_list":{"0":"post-5148","1":"product","2":"type-product","3":"status-publish","4":"has-post-thumbnail","6":"product_cat-correias-em-v","8":"first","9":"instock","10":"shipping-taxable","11":"product-type-simple"},"aioseo_notices":[],"_links":{"self":[{"href":"https:\/\/www.imperiodascorreias.com.br\/index.php?rest_route=\/wp\/v2\/product\/5148","targetHints":{"allow":["GET"]}}],"collection":[{"href":"https:\/\/www.imperiodascorreias.com.br\/index.php?rest_route=\/wp\/v2\/product"}],"about":[{"href":"https:\/\/www.imperiodascorreias.com.br\/index.php?rest_route=\/wp\/v2\/types\/product"}],"wp:featuredmedia":[{"embeddable":true,"href":"https:\/\/www.imperiodascorreias.com.br\/index.php?rest_route=\/wp\/v2\/media\/5149"}],"wp:attachment":[{"href":"https:\/\/www.imperiodascorreias.com.br\/index.php?rest_route=%2Fwp%2Fv2%2Fmedia&parent=5148"}],"wp:term":[{"taxonomy":"product_cat","embeddable":true,"href":"https:\/\/www.imperiodascorreias.com.br\/index.php?rest_route=%2Fwp%2Fv2%2Fproduct_cat&post=5148"},{"taxonomy":"product_tag","embeddable":true,"href":"https:\/\/www.imperiodascorreias.com.br\/index.php?rest_route=%2Fwp%2Fv2%2Fproduct_tag&post=5148"}],"curies":[{"name":"wp","href":"https:\/\/api.w.org\/{rel}","templated":true}]}}