{"id":5129,"date":"2024-12-03T16:12:03","date_gmt":"2024-12-03T19:12:03","guid":{"rendered":"https:\/\/www.imperiodascorreias.com.br\/?post_type=product&#038;p=5129"},"modified":"2024-12-03T16:13:35","modified_gmt":"2024-12-03T19:13:35","slug":"correias-pu-aco-fechadas","status":"publish","type":"product","link":"https:\/\/www.imperiodascorreias.com.br\/?product=correias-pu-aco-fechadas","title":{"rendered":"Correias PU\/A\u00e7o Fechadas"},"content":{"rendered":"<p>optibelt ALPHA TORQUE<\/p>\n<p>Correias de poliuretano moldadas com Cordon\u00e9is em<br \/>\na\u00e7o. Cordon\u00e9is em Aramida dispon\u00edvel.<br \/>\n\u2022 Alto Rendimento: Correia de poliuretano desenvolvida com rendimento superior se comparada as<br \/>\ncorreias de poliuretano padr\u00e3o.<br \/>\n\u2022 Aplica\u00e7\u00f5es: Possui uma ampla variedade de aplica\u00e7\u00f5es.<br \/>\n\u2022 Faixa de Temperatura: De -28 at\u00e9 80\u00b0C<\/p>\n<p>optibelt ALPHA POWER<\/p>\n<p>Correias de poliuretano moldadas de alto rendimento com cordon\u00e9is em a\u00e7o.<br \/>\nCordon\u00e9is em Aramida dispon\u00edvel.<br \/>\n\u2022 Alto Rendimento: Correia de poliuretano especial com rendimento de 30% maior se<br \/>\ncomparada as correias ALPHA TORQUE.<br \/>\n\u2022 Aplica\u00e7\u00f5es: Possui uma ampla variedade de aplica\u00e7\u00f5es.<br \/>\n\u2022 Faixa de Temperatura: De -28 at\u00e9 80\u00b0C<br \/>\nPERFIS: XL, L T2.5, T5, T10 AT5, AT10 DT5, DT10<\/p>\n","protected":false},"excerpt":{"rendered":"<p>optibelt ALPHA TORQUE Correias de poliuretano moldadas com Cordon\u00e9is em a\u00e7o. Cordon\u00e9is em Aramida dispon\u00edvel. \u2022 Alto Rendimento: Correia de poliuretano desenvolvida com rendimento superior se comparada as correias de poliuretano padr\u00e3o. \u2022 Aplica\u00e7\u00f5es: Possui uma ampla variedade de aplica\u00e7\u00f5es. \u2022 Faixa de Temperatura: De -28 at\u00e9 80\u00b0C optibelt ALPHA POWER Correias de poliuretano moldadas&#8230;<\/p>\n","protected":false},"featured_media":5130,"template":"","meta":{"_monsterinsights_skip_tracking":false,"_monsterinsights_sitenote_active":false,"_monsterinsights_sitenote_note":"","_monsterinsights_sitenote_category":0},"product_cat":[48],"product_tag":[],"class_list":{"0":"post-5129","1":"product","2":"type-product","3":"status-publish","4":"has-post-thumbnail","6":"product_cat-correias-pu-aco","8":"first","9":"instock","10":"shipping-taxable","11":"product-type-simple"},"aioseo_notices":[],"_links":{"self":[{"href":"https:\/\/www.imperiodascorreias.com.br\/index.php?rest_route=\/wp\/v2\/product\/5129","targetHints":{"allow":["GET"]}}],"collection":[{"href":"https:\/\/www.imperiodascorreias.com.br\/index.php?rest_route=\/wp\/v2\/product"}],"about":[{"href":"https:\/\/www.imperiodascorreias.com.br\/index.php?rest_route=\/wp\/v2\/types\/product"}],"wp:featuredmedia":[{"embeddable":true,"href":"https:\/\/www.imperiodascorreias.com.br\/index.php?rest_route=\/wp\/v2\/media\/5130"}],"wp:attachment":[{"href":"https:\/\/www.imperiodascorreias.com.br\/index.php?rest_route=%2Fwp%2Fv2%2Fmedia&parent=5129"}],"wp:term":[{"taxonomy":"product_cat","embeddable":true,"href":"https:\/\/www.imperiodascorreias.com.br\/index.php?rest_route=%2Fwp%2Fv2%2Fproduct_cat&post=5129"},{"taxonomy":"product_tag","embeddable":true,"href":"https:\/\/www.imperiodascorreias.com.br\/index.php?rest_route=%2Fwp%2Fv2%2Fproduct_tag&post=5129"}],"curies":[{"name":"wp","href":"https:\/\/api.w.org\/{rel}","templated":true}]}}