{"id":5127,"date":"2024-12-03T16:08:23","date_gmt":"2024-12-03T19:08:23","guid":{"rendered":"https:\/\/www.imperiodascorreias.com.br\/?post_type=product&#038;p=5127"},"modified":"2024-12-03T16:08:58","modified_gmt":"2024-12-03T19:08:58","slug":"correias-especiais-em-pu","status":"publish","type":"product","link":"https:\/\/www.imperiodascorreias.com.br\/?product=correias-especiais-em-pu","title":{"rendered":"Correias Especiais em PU"},"content":{"rendered":"<p>Correias especiais em PU<br \/>\n\u2022 Constru\u00e7\u00e3o especial em aramida.<br \/>\n\u2022 Revestimentos especiais nas costas e dentes da correia.<br \/>\n\u2022 Efici\u00eancia Superior: O revestimento aumenta a habilidade de fric\u00e7\u00e3o da correia na polia.<\/p>\n<p>Consulte-nos para medidas e demandas especiais.<\/p>\n","protected":false},"excerpt":{"rendered":"<p>Correias especiais em PU \u2022 Constru\u00e7\u00e3o especial em aramida. \u2022 Revestimentos especiais nas costas e dentes da correia. \u2022 Efici\u00eancia Superior: O revestimento aumenta a habilidade de fric\u00e7\u00e3o da correia na polia. Consulte-nos para medidas e demandas especiais.<\/p>\n","protected":false},"featured_media":5128,"template":"","meta":{"_monsterinsights_skip_tracking":false,"_monsterinsights_sitenote_active":false,"_monsterinsights_sitenote_note":"","_monsterinsights_sitenote_category":0},"product_cat":[48],"product_tag":[],"class_list":{"0":"post-5127","1":"product","2":"type-product","3":"status-publish","4":"has-post-thumbnail","6":"product_cat-correias-pu-aco","8":"first","9":"instock","10":"shipping-taxable","11":"product-type-simple"},"aioseo_notices":[],"_links":{"self":[{"href":"https:\/\/www.imperiodascorreias.com.br\/index.php?rest_route=\/wp\/v2\/product\/5127","targetHints":{"allow":["GET"]}}],"collection":[{"href":"https:\/\/www.imperiodascorreias.com.br\/index.php?rest_route=\/wp\/v2\/product"}],"about":[{"href":"https:\/\/www.imperiodascorreias.com.br\/index.php?rest_route=\/wp\/v2\/types\/product"}],"wp:featuredmedia":[{"embeddable":true,"href":"https:\/\/www.imperiodascorreias.com.br\/index.php?rest_route=\/wp\/v2\/media\/5128"}],"wp:attachment":[{"href":"https:\/\/www.imperiodascorreias.com.br\/index.php?rest_route=%2Fwp%2Fv2%2Fmedia&parent=5127"}],"wp:term":[{"taxonomy":"product_cat","embeddable":true,"href":"https:\/\/www.imperiodascorreias.com.br\/index.php?rest_route=%2Fwp%2Fv2%2Fproduct_cat&post=5127"},{"taxonomy":"product_tag","embeddable":true,"href":"https:\/\/www.imperiodascorreias.com.br\/index.php?rest_route=%2Fwp%2Fv2%2Fproduct_tag&post=5127"}],"curies":[{"name":"wp","href":"https:\/\/api.w.org\/{rel}","templated":true}]}}