{"id":5125,"date":"2024-12-03T16:06:03","date_gmt":"2024-12-03T19:06:03","guid":{"rendered":"https:\/\/www.imperiodascorreias.com.br\/?post_type=product&#038;p=5125"},"modified":"2024-12-03T16:06:32","modified_gmt":"2024-12-03T19:06:32","slug":"correias-alphaflex-e-alphalinear","status":"publish","type":"product","link":"https:\/\/www.imperiodascorreias.com.br\/?product=correias-alphaflex-e-alphalinear","title":{"rendered":"Correias AlphaFlex e AlphaLinear"},"content":{"rendered":"<p>Correias sem fim de poliuretano com cordon\u00e9is em a\u00e7o, abertas, vendidas por metro. Consultar lotes m\u00ednimos.<br \/>\ncordon\u00e9is em Aramida dispon\u00edvel.<br \/>\nPERFIS: XL, L, H, XH, 5M, 8M, 14M, T5, T10, T20, AT5, AT10, AT20 D8M, D14M.<\/p>\n","protected":false},"excerpt":{"rendered":"<p>Correias sem fim de poliuretano com cordon\u00e9is em a\u00e7o, abertas, vendidas por metro. Consultar lotes m\u00ednimos. cordon\u00e9is em Aramida dispon\u00edvel. PERFIS: XL, L, H, XH, 5M, 8M, 14M, T5, T10, T20, AT5, AT10, AT20 D8M, D14M.<\/p>\n","protected":false},"featured_media":5126,"template":"","meta":{"_monsterinsights_skip_tracking":false,"_monsterinsights_sitenote_active":false,"_monsterinsights_sitenote_note":"","_monsterinsights_sitenote_category":0},"product_cat":[48],"product_tag":[],"class_list":{"0":"post-5125","1":"product","2":"type-product","3":"status-publish","4":"has-post-thumbnail","6":"product_cat-correias-pu-aco","8":"first","9":"instock","10":"shipping-taxable","11":"product-type-simple"},"aioseo_notices":[],"_links":{"self":[{"href":"https:\/\/www.imperiodascorreias.com.br\/index.php?rest_route=\/wp\/v2\/product\/5125","targetHints":{"allow":["GET"]}}],"collection":[{"href":"https:\/\/www.imperiodascorreias.com.br\/index.php?rest_route=\/wp\/v2\/product"}],"about":[{"href":"https:\/\/www.imperiodascorreias.com.br\/index.php?rest_route=\/wp\/v2\/types\/product"}],"wp:featuredmedia":[{"embeddable":true,"href":"https:\/\/www.imperiodascorreias.com.br\/index.php?rest_route=\/wp\/v2\/media\/5126"}],"wp:attachment":[{"href":"https:\/\/www.imperiodascorreias.com.br\/index.php?rest_route=%2Fwp%2Fv2%2Fmedia&parent=5125"}],"wp:term":[{"taxonomy":"product_cat","embeddable":true,"href":"https:\/\/www.imperiodascorreias.com.br\/index.php?rest_route=%2Fwp%2Fv2%2Fproduct_cat&post=5125"},{"taxonomy":"product_tag","embeddable":true,"href":"https:\/\/www.imperiodascorreias.com.br\/index.php?rest_route=%2Fwp%2Fv2%2Fproduct_tag&post=5125"}],"curies":[{"name":"wp","href":"https:\/\/api.w.org\/{rel}","templated":true}]}}