{"id":5118,"date":"2024-12-03T15:48:47","date_gmt":"2024-12-03T18:48:47","guid":{"rendered":"https:\/\/www.imperiodascorreias.com.br\/?post_type=product&#038;p=5118"},"modified":"2025-10-15T15:33:43","modified_gmt":"2025-10-15T18:33:43","slug":"correias-para-moinho-de-trigo","status":"publish","type":"product","link":"https:\/\/www.imperiodascorreias.com.br\/?product=correias-para-moinho-de-trigo","title":{"rendered":"Correias OMEGA RB para Moinho de Trigo"},"content":{"rendered":"<p>A correia dentada optibelt OMEGA RB com perfil PK adicional da correia trapezoidal com nervuras no lado traseiro da correia \u00e9 perfeita para a utiliza\u00e7\u00e3o em moinhos, por ex. moinhos de alimentos, de cereais, de fruta e farinhas, nos quais a dire\u00e7\u00e3o da polia de acionamento pode ser invertida no lado traseiro e o deslize \u00e9 necess\u00e1rio quando o acionamento bloqueia. Entre os modelos mais procurados temos:<br \/>\nEntre outras medidas.<\/p>\n<p>Consulte-nos para cota\u00e7\u00f5es, dispomos de alguns destes itens a pronta entrega.<\/p>\n","protected":false},"excerpt":{"rendered":"<p>A correia dentada optibelt OMEGA RB com perfil PK adicional da correia trapezoidal com nervuras no lado traseiro da correia \u00e9 perfeita para a utiliza\u00e7\u00e3o em moinhos, por ex. moinhos de alimentos, de cereais, de fruta e farinhas, nos quais a dire\u00e7\u00e3o da polia de acionamento pode ser invertida no lado traseiro e o deslize&#8230;<\/p>\n","protected":false},"featured_media":6029,"template":"","meta":{"_monsterinsights_skip_tracking":false,"_monsterinsights_sitenote_active":false,"_monsterinsights_sitenote_note":"","_monsterinsights_sitenote_category":0},"product_cat":[50],"product_tag":[],"class_list":{"0":"post-5118","1":"product","2":"type-product","3":"status-publish","4":"has-post-thumbnail","6":"product_cat-correias-especiais","8":"first","9":"instock","10":"shipping-taxable","11":"product-type-simple"},"aioseo_notices":[],"_links":{"self":[{"href":"https:\/\/www.imperiodascorreias.com.br\/index.php?rest_route=\/wp\/v2\/product\/5118","targetHints":{"allow":["GET"]}}],"collection":[{"href":"https:\/\/www.imperiodascorreias.com.br\/index.php?rest_route=\/wp\/v2\/product"}],"about":[{"href":"https:\/\/www.imperiodascorreias.com.br\/index.php?rest_route=\/wp\/v2\/types\/product"}],"wp:featuredmedia":[{"embeddable":true,"href":"https:\/\/www.imperiodascorreias.com.br\/index.php?rest_route=\/wp\/v2\/media\/6029"}],"wp:attachment":[{"href":"https:\/\/www.imperiodascorreias.com.br\/index.php?rest_route=%2Fwp%2Fv2%2Fmedia&parent=5118"}],"wp:term":[{"taxonomy":"product_cat","embeddable":true,"href":"https:\/\/www.imperiodascorreias.com.br\/index.php?rest_route=%2Fwp%2Fv2%2Fproduct_cat&post=5118"},{"taxonomy":"product_tag","embeddable":true,"href":"https:\/\/www.imperiodascorreias.com.br\/index.php?rest_route=%2Fwp%2Fv2%2Fproduct_tag&post=5118"}],"curies":[{"name":"wp","href":"https:\/\/api.w.org\/{rel}","templated":true}]}}