{"id":5116,"date":"2024-12-03T15:44:45","date_gmt":"2024-12-03T18:44:45","guid":{"rendered":"https:\/\/www.imperiodascorreias.com.br\/?post_type=product&#038;p=5116"},"modified":"2024-12-03T15:45:04","modified_gmt":"2024-12-03T18:45:04","slug":"correias-dk-duplas-ou-sextavadas","status":"publish","type":"product","link":"https:\/\/www.imperiodascorreias.com.br\/?product=correias-dk-duplas-ou-sextavadas","title":{"rendered":"Correias DK \u2013 Duplas ou Sextavadas"},"content":{"rendered":"<p>CORREIAS EM V DUPLAS OU SEXTAVADA<br \/>\nCorreia em V dupla, para aplica\u00e7\u00f5es de m\u00faltiplas polias. Seu projeto de<br \/>\nconstru\u00e7\u00e3o e qualidade garantem desempenho superior e maior durabilidade.<br \/>\n\u2022 Confi\u00e1vel: Resist\u00eancia superior ao alongamento e a desgastes prematuros.<br \/>\n\u2022 Aumento da vida \u00fatil : Revestimento duplo de tecido e impregnado de borracha, ligados<br \/>\ncom o material do n\u00facleo da correia, para aumento da durabilidade e da vida \u00fatil.<br \/>\n\u2022 Efici\u00eancia Superior: O tecido de revestimento aumenta a capacidade de ader\u00eancia da<br \/>\ncorreia na polia.<br \/>\nDispomos de correias para esmagadoras de soja, como: CC173, CC175 e tamb\u00e9m correias para depenadeiras de frangos AA155, AA156, AA158 e muito mais.<\/p>\n<p>Consulte-nos para medidas especiais.<br \/>\nPerfis: AA, BB e CC.<\/p>\n","protected":false},"excerpt":{"rendered":"<p>CORREIAS EM V DUPLAS OU SEXTAVADA Correia em V dupla, para aplica\u00e7\u00f5es de m\u00faltiplas polias. Seu projeto de constru\u00e7\u00e3o e qualidade garantem desempenho superior e maior durabilidade. \u2022 Confi\u00e1vel: Resist\u00eancia superior ao alongamento e a desgastes prematuros. \u2022 Aumento da vida \u00fatil : Revestimento duplo de tecido e impregnado de borracha, ligados com o material&#8230;<\/p>\n","protected":false},"featured_media":5117,"template":"","meta":{"_monsterinsights_skip_tracking":false,"_monsterinsights_sitenote_active":false,"_monsterinsights_sitenote_note":"","_monsterinsights_sitenote_category":0},"product_cat":[50],"product_tag":[],"class_list":{"0":"post-5116","1":"product","2":"type-product","3":"status-publish","4":"has-post-thumbnail","6":"product_cat-correias-especiais","8":"first","9":"instock","10":"shipping-taxable","11":"product-type-simple"},"aioseo_notices":[],"_links":{"self":[{"href":"https:\/\/www.imperiodascorreias.com.br\/index.php?rest_route=\/wp\/v2\/product\/5116","targetHints":{"allow":["GET"]}}],"collection":[{"href":"https:\/\/www.imperiodascorreias.com.br\/index.php?rest_route=\/wp\/v2\/product"}],"about":[{"href":"https:\/\/www.imperiodascorreias.com.br\/index.php?rest_route=\/wp\/v2\/types\/product"}],"wp:featuredmedia":[{"embeddable":true,"href":"https:\/\/www.imperiodascorreias.com.br\/index.php?rest_route=\/wp\/v2\/media\/5117"}],"wp:attachment":[{"href":"https:\/\/www.imperiodascorreias.com.br\/index.php?rest_route=%2Fwp%2Fv2%2Fmedia&parent=5116"}],"wp:term":[{"taxonomy":"product_cat","embeddable":true,"href":"https:\/\/www.imperiodascorreias.com.br\/index.php?rest_route=%2Fwp%2Fv2%2Fproduct_cat&post=5116"},{"taxonomy":"product_tag","embeddable":true,"href":"https:\/\/www.imperiodascorreias.com.br\/index.php?rest_route=%2Fwp%2Fv2%2Fproduct_tag&post=5116"}],"curies":[{"name":"wp","href":"https:\/\/api.w.org\/{rel}","templated":true}]}}