{"id":5114,"date":"2024-12-03T15:42:57","date_gmt":"2024-12-03T18:42:57","guid":{"rendered":"https:\/\/www.imperiodascorreias.com.br\/?post_type=product&#038;p=5114"},"modified":"2025-09-04T18:13:37","modified_gmt":"2025-09-04T21:13:37","slug":"correia-deltachain-carbono","status":"publish","type":"product","link":"https:\/\/www.imperiodascorreias.com.br\/?product=correia-deltachain-carbono","title":{"rendered":"Correia DELTACHAIN Carbono"},"content":{"rendered":"<p>A optibelt DELTA CHAIN Carbon \u00e9 uma nova correia dentada de elevado rendimento que define padr\u00f5es no mercado. \u00c9 poss\u00edvel uma transmiss\u00e3o de rendimento at\u00e9 100 % maior em rela\u00e7\u00e3o \u00e0s correias dentadas de elevado rendimento em borracha.A largura de estrutura do acionamento pode assim ser consideravelmente reduzida. Aqui s\u00e3o especialmente fundamentais os acionamentos com bin\u00e1rios muito elevados. A optibelt DELTA CHAIN Carbon foi concebida para bin\u00e1rios elevados e fornece os melhores valores de rendimento mesmo com cargas extremas e cargas elevadas. Gra\u00e7as ao seu cabo de carbono \u00e9 a alternativa ideal aos acionamentos com correntes de rolos.A combina\u00e7\u00e3o inovadora de materiais de uma mistura de poliuretano extremamente resistente, um tecido de poliamida resistente \u00e0 abras\u00e3o e com um tratamento especial, bem como o cabo tensor de carbono fazem com que a DELTA CHAIN Carbon seja muito resistente a cargas e, ao mesmo tempo, resistente relativamente a in\u00fameros produtos qu\u00edmicos, \u00f3leos e l\u00edquidos.<\/p>\n","protected":false},"excerpt":{"rendered":"<p>A optibelt DELTA CHAIN Carbon \u00e9 uma nova correia dentada de elevado rendimento que define padr\u00f5es no mercado. \u00c9 poss\u00edvel uma transmiss\u00e3o de rendimento at\u00e9 100 % maior em rela\u00e7\u00e3o \u00e0s correias dentadas de elevado rendimento em borracha.A largura de estrutura do acionamento pode assim ser consideravelmente reduzida. Aqui s\u00e3o especialmente fundamentais os acionamentos com&#8230;<\/p>\n","protected":false},"featured_media":5115,"template":"","meta":{"_monsterinsights_skip_tracking":false,"_monsterinsights_sitenote_active":false,"_monsterinsights_sitenote_note":"","_monsterinsights_sitenote_category":0},"product_cat":[50],"product_tag":[],"class_list":{"0":"post-5114","1":"product","2":"type-product","3":"status-publish","4":"has-post-thumbnail","6":"product_cat-correias-especiais","8":"first","9":"instock","10":"shipping-taxable","11":"product-type-simple"},"aioseo_notices":[],"_links":{"self":[{"href":"https:\/\/www.imperiodascorreias.com.br\/index.php?rest_route=\/wp\/v2\/product\/5114","targetHints":{"allow":["GET"]}}],"collection":[{"href":"https:\/\/www.imperiodascorreias.com.br\/index.php?rest_route=\/wp\/v2\/product"}],"about":[{"href":"https:\/\/www.imperiodascorreias.com.br\/index.php?rest_route=\/wp\/v2\/types\/product"}],"wp:featuredmedia":[{"embeddable":true,"href":"https:\/\/www.imperiodascorreias.com.br\/index.php?rest_route=\/wp\/v2\/media\/5115"}],"wp:attachment":[{"href":"https:\/\/www.imperiodascorreias.com.br\/index.php?rest_route=%2Fwp%2Fv2%2Fmedia&parent=5114"}],"wp:term":[{"taxonomy":"product_cat","embeddable":true,"href":"https:\/\/www.imperiodascorreias.com.br\/index.php?rest_route=%2Fwp%2Fv2%2Fproduct_cat&post=5114"},{"taxonomy":"product_tag","embeddable":true,"href":"https:\/\/www.imperiodascorreias.com.br\/index.php?rest_route=%2Fwp%2Fv2%2Fproduct_tag&post=5114"}],"curies":[{"name":"wp","href":"https:\/\/api.w.org\/{rel}","templated":true}]}}