{"id":3,"date":"2024-11-08T22:04:13","date_gmt":"2024-11-09T01:04:13","guid":{"rendered":"https:\/\/www.imperiodascorreias.com.br\/?page_id=3"},"modified":"2025-02-23T23:16:16","modified_gmt":"2025-02-24T02:16:16","slug":"politica-de-privacidade","status":"publish","type":"page","link":"https:\/\/www.imperiodascorreias.com.br\/?page_id=3","title":{"rendered":"Pol\u00edtica de privacidade"},"content":{"rendered":"\n<p>A <strong>Imp\u00e9rio das Correias<\/strong> respeita a privacidade dos seus clientes e visitantes. Nosso site n\u00e3o coleta, armazena ou compartilha nenhuma informa\u00e7\u00e3o pessoal dos usu\u00e1rios.<\/p>\n\n\n\n<h2 class=\"wp-block-heading\">Coleta de Informa\u00e7\u00f5es<\/h2>\n\n\n\n<p>Nosso site \u00e9 apenas informativo e n\u00e3o exige cadastro ou coleta de dados dos visitantes. Todas as negocia\u00e7\u00f5es e comunica\u00e7\u00f5es s\u00e3o realizadas por telefone ou e-mail.<\/p>\n\n\n\n<h2 class=\"wp-block-heading\">Cookies<\/h2>\n\n\n\n<p>N\u00e3o utilizamos cookies ou qualquer outro mecanismo de rastreamento para coletar informa\u00e7\u00f5es dos visitantes do site.<\/p>\n\n\n\n<h2 class=\"wp-block-heading\">Contato<\/h2>\n\n\n\n<p>Caso tenha d\u00favidas sobre nossa pol\u00edtica de privacidade, entre em contato pelo WhatsApp ou e-mail dispon\u00edveis em nosso site.<\/p>\n","protected":false},"excerpt":{"rendered":"<p>A Imp\u00e9rio das Correias respeita a privacidade dos seus clientes e visitantes. Nosso site n\u00e3o coleta, armazena ou compartilha nenhuma informa\u00e7\u00e3o pessoal dos usu\u00e1rios. Coleta de Informa\u00e7\u00f5es Nosso site \u00e9 apenas informativo e n\u00e3o exige cadastro ou coleta de dados dos visitantes. Todas as negocia\u00e7\u00f5es e comunica\u00e7\u00f5es s\u00e3o realizadas por telefone ou e-mail. Cookies N\u00e3o&#8230;<\/p>\n","protected":false},"author":1,"featured_media":0,"parent":0,"menu_order":0,"comment_status":"closed","ping_status":"closed","template":"","meta":{"_monsterinsights_skip_tracking":false,"_monsterinsights_sitenote_active":false,"_monsterinsights_sitenote_note":"","_monsterinsights_sitenote_category":0,"footnotes":""},"class_list":["post-3","page","type-page","status-publish","hentry","page--item"],"aioseo_notices":[],"_links":{"self":[{"href":"https:\/\/www.imperiodascorreias.com.br\/index.php?rest_route=\/wp\/v2\/pages\/3","targetHints":{"allow":["GET"]}}],"collection":[{"href":"https:\/\/www.imperiodascorreias.com.br\/index.php?rest_route=\/wp\/v2\/pages"}],"about":[{"href":"https:\/\/www.imperiodascorreias.com.br\/index.php?rest_route=\/wp\/v2\/types\/page"}],"author":[{"embeddable":true,"href":"https:\/\/www.imperiodascorreias.com.br\/index.php?rest_route=\/wp\/v2\/users\/1"}],"replies":[{"embeddable":true,"href":"https:\/\/www.imperiodascorreias.com.br\/index.php?rest_route=%2Fwp%2Fv2%2Fcomments&post=3"}],"version-history":[{"count":2,"href":"https:\/\/www.imperiodascorreias.com.br\/index.php?rest_route=\/wp\/v2\/pages\/3\/revisions"}],"predecessor-version":[{"id":5219,"href":"https:\/\/www.imperiodascorreias.com.br\/index.php?rest_route=\/wp\/v2\/pages\/3\/revisions\/5219"}],"wp:attachment":[{"href":"https:\/\/www.imperiodascorreias.com.br\/index.php?rest_route=%2Fwp%2Fv2%2Fmedia&parent=3"}],"curies":[{"name":"wp","href":"https:\/\/api.w.org\/{rel}","templated":true}]}}